{"id":20,"date":"2022-04-19T13:25:09","date_gmt":"2022-04-19T13:25:09","guid":{"rendered":"https:\/\/szityidaru.hu\/?page_id=20"},"modified":"2022-04-19T16:31:08","modified_gmt":"2022-04-19T14:31:08","slug":"jarmuveink","status":"publish","type":"page","link":"https:\/\/szityidaru.hu\/index.php\/jarmuveink\/","title":{"rendered":"J\u00e1rm\u0171veink"},"content":{"rendered":"\n<p>Scania 11 tonna raks\u00faly, Palfinger 17502 daruval szerelve, 14.8 m\u00e9ter g\u00e9m kiny\u00fal\u00e1s, 18 m\u00e9ter horogmagass\u00e1g \u00e9s 4 tonna maximum emel\u00e9s.<\/p>\n\n\n\n<p>Man TGA 11 tonna raks\u00faly, Palfinger 16000 daruval szerelve, 12 m\u00e9ter g\u00e9m kiny\u00fal\u00e1s, 15 m\u00e9ter horogmagass\u00e1g \u00e9s 3,5 tonna maximum emel\u00e9s.<\/p>\n\n\n\n<figure class=\"wp-block-gallery has-nested-images columns-default is-cropped wp-block-gallery-1 is-layout-flex wp-block-gallery-is-layout-flex\">\n<figure class=\"wp-block-image size-large\"><img loading=\"lazy\" decoding=\"async\" width=\"1024\" height=\"577\" data-id=\"142\" src=\"https:\/\/szityidaru.hu\/wp-content\/uploads\/2022\/04\/IMG_20181106_131910-1-1024x577.jpg\" alt=\"\" class=\"wp-image-142\" srcset=\"https:\/\/szityidaru.hu\/wp-content\/uploads\/2022\/04\/IMG_20181106_131910-1-1024x577.jpg 1024w, https:\/\/szityidaru.hu\/wp-content\/uploads\/2022\/04\/IMG_20181106_131910-1-300x169.jpg 300w, https:\/\/szityidaru.hu\/wp-content\/uploads\/2022\/04\/IMG_20181106_131910-1-768x432.jpg 768w, https:\/\/szityidaru.hu\/wp-content\/uploads\/2022\/04\/IMG_20181106_131910-1-1536x865.jpg 1536w, https:\/\/szityidaru.hu\/wp-content\/uploads\/2022\/04\/IMG_20181106_131910-1-2048x1153.jpg 2048w\" sizes=\"auto, (max-width: 1024px) 100vw, 1024px\" \/><\/figure>\n\n\n\n<figure class=\"wp-block-image size-large\"><img loading=\"lazy\" decoding=\"async\" width=\"1024\" height=\"577\" data-id=\"145\" src=\"https:\/\/szityidaru.hu\/wp-content\/uploads\/2022\/04\/IMG_20181106_131930-1-1024x577.jpg\" alt=\"\" class=\"wp-image-145\" srcset=\"https:\/\/szityidaru.hu\/wp-content\/uploads\/2022\/04\/IMG_20181106_131930-1-1024x577.jpg 1024w, https:\/\/szityidaru.hu\/wp-content\/uploads\/2022\/04\/IMG_20181106_131930-1-300x169.jpg 300w, https:\/\/szityidaru.hu\/wp-content\/uploads\/2022\/04\/IMG_20181106_131930-1-768x432.jpg 768w, https:\/\/szityidaru.hu\/wp-content\/uploads\/2022\/04\/IMG_20181106_131930-1-1536x865.jpg 1536w, https:\/\/szityidaru.hu\/wp-content\/uploads\/2022\/04\/IMG_20181106_131930-1-2048x1153.jpg 2048w\" sizes=\"auto, (max-width: 1024px) 100vw, 1024px\" \/><\/figure>\n\n\n\n<figure class=\"wp-block-image size-large\"><img loading=\"lazy\" decoding=\"async\" width=\"1024\" height=\"406\" data-id=\"140\" src=\"https:\/\/szityidaru.hu\/wp-content\/uploads\/2022\/04\/IMG_20181106_131930-e1541862985301-2-1024x406.jpg\" alt=\"\" class=\"wp-image-140\" srcset=\"https:\/\/szityidaru.hu\/wp-content\/uploads\/2022\/04\/IMG_20181106_131930-e1541862985301-2-1024x406.jpg 1024w, https:\/\/szityidaru.hu\/wp-content\/uploads\/2022\/04\/IMG_20181106_131930-e1541862985301-2-300x119.jpg 300w, https:\/\/szityidaru.hu\/wp-content\/uploads\/2022\/04\/IMG_20181106_131930-e1541862985301-2-768x305.jpg 768w, https:\/\/szityidaru.hu\/wp-content\/uploads\/2022\/04\/IMG_20181106_131930-e1541862985301-2-1536x609.jpg 1536w, https:\/\/szityidaru.hu\/wp-content\/uploads\/2022\/04\/IMG_20181106_131930-e1541862985301-2-2048x812.jpg 2048w\" sizes=\"auto, (max-width: 1024px) 100vw, 1024px\" \/><\/figure>\n\n\n\n<figure class=\"wp-block-image size-large\"><img loading=\"lazy\" decoding=\"async\" width=\"1024\" height=\"659\" data-id=\"146\" src=\"https:\/\/szityidaru.hu\/wp-content\/uploads\/2022\/04\/IMG_20181106_132136-1-1024x659.jpg\" alt=\"\" class=\"wp-image-146\" srcset=\"https:\/\/szityidaru.hu\/wp-content\/uploads\/2022\/04\/IMG_20181106_132136-1-1024x659.jpg 1024w, https:\/\/szityidaru.hu\/wp-content\/uploads\/2022\/04\/IMG_20181106_132136-1-300x193.jpg 300w, https:\/\/szityidaru.hu\/wp-content\/uploads\/2022\/04\/IMG_20181106_132136-1-768x494.jpg 768w, https:\/\/szityidaru.hu\/wp-content\/uploads\/2022\/04\/IMG_20181106_132136-1-1536x988.jpg 1536w, https:\/\/szityidaru.hu\/wp-content\/uploads\/2022\/04\/IMG_20181106_132136-1-2048x1317.jpg 2048w\" sizes=\"auto, (max-width: 1024px) 100vw, 1024px\" \/><\/figure>\n\n\n\n<figure class=\"wp-block-image size-large\"><img loading=\"lazy\" decoding=\"async\" width=\"1024\" height=\"577\" data-id=\"144\" src=\"https:\/\/szityidaru.hu\/wp-content\/uploads\/2022\/04\/IMG_20181106_132252-1-1024x577.jpg\" alt=\"\" class=\"wp-image-144\" srcset=\"https:\/\/szityidaru.hu\/wp-content\/uploads\/2022\/04\/IMG_20181106_132252-1-1024x577.jpg 1024w, https:\/\/szityidaru.hu\/wp-content\/uploads\/2022\/04\/IMG_20181106_132252-1-300x169.jpg 300w, https:\/\/szityidaru.hu\/wp-content\/uploads\/2022\/04\/IMG_20181106_132252-1-768x432.jpg 768w, https:\/\/szityidaru.hu\/wp-content\/uploads\/2022\/04\/IMG_20181106_132252-1-1536x865.jpg 1536w, https:\/\/szityidaru.hu\/wp-content\/uploads\/2022\/04\/IMG_20181106_132252-1-2048x1153.jpg 2048w\" sizes=\"auto, (max-width: 1024px) 100vw, 1024px\" \/><\/figure>\n\n\n\n<figure class=\"wp-block-image size-large\"><img loading=\"lazy\" decoding=\"async\" width=\"1024\" height=\"577\" data-id=\"149\" src=\"https:\/\/szityidaru.hu\/wp-content\/uploads\/2022\/04\/IMG_20181106_132323-1-1024x577.jpg\" alt=\"\" class=\"wp-image-149\" srcset=\"https:\/\/szityidaru.hu\/wp-content\/uploads\/2022\/04\/IMG_20181106_132323-1-1024x577.jpg 1024w, https:\/\/szityidaru.hu\/wp-content\/uploads\/2022\/04\/IMG_20181106_132323-1-300x169.jpg 300w, https:\/\/szityidaru.hu\/wp-content\/uploads\/2022\/04\/IMG_20181106_132323-1-768x432.jpg 768w, https:\/\/szityidaru.hu\/wp-content\/uploads\/2022\/04\/IMG_20181106_132323-1-1536x865.jpg 1536w, https:\/\/szityidaru.hu\/wp-content\/uploads\/2022\/04\/IMG_20181106_132323-1-2048x1153.jpg 2048w\" sizes=\"auto, (max-width: 1024px) 100vw, 1024px\" \/><\/figure>\n\n\n\n<figure class=\"wp-block-image size-large\"><img loading=\"lazy\" decoding=\"async\" width=\"577\" height=\"1024\" data-id=\"148\" src=\"https:\/\/szityidaru.hu\/wp-content\/uploads\/2022\/04\/IMG_20181106_132342-1-577x1024.jpg\" alt=\"\" class=\"wp-image-148\" srcset=\"https:\/\/szityidaru.hu\/wp-content\/uploads\/2022\/04\/IMG_20181106_132342-1-577x1024.jpg 577w, https:\/\/szityidaru.hu\/wp-content\/uploads\/2022\/04\/IMG_20181106_132342-1-169x300.jpg 169w, https:\/\/szityidaru.hu\/wp-content\/uploads\/2022\/04\/IMG_20181106_132342-1-768x1364.jpg 768w, https:\/\/szityidaru.hu\/wp-content\/uploads\/2022\/04\/IMG_20181106_132342-1-865x1536.jpg 865w, https:\/\/szityidaru.hu\/wp-content\/uploads\/2022\/04\/IMG_20181106_132342-1-1153x2048.jpg 1153w, https:\/\/szityidaru.hu\/wp-content\/uploads\/2022\/04\/IMG_20181106_132342-1-scaled.jpg 1441w\" sizes=\"auto, (max-width: 577px) 100vw, 577px\" \/><\/figure>\n\n\n\n<figure class=\"wp-block-image size-large\"><img loading=\"lazy\" decoding=\"async\" width=\"577\" height=\"1024\" data-id=\"147\" src=\"https:\/\/szityidaru.hu\/wp-content\/uploads\/2022\/04\/IMG_20181106_132433-1-577x1024.jpg\" alt=\"\" class=\"wp-image-147\" srcset=\"https:\/\/szityidaru.hu\/wp-content\/uploads\/2022\/04\/IMG_20181106_132433-1-577x1024.jpg 577w, https:\/\/szityidaru.hu\/wp-content\/uploads\/2022\/04\/IMG_20181106_132433-1-169x300.jpg 169w, https:\/\/szityidaru.hu\/wp-content\/uploads\/2022\/04\/IMG_20181106_132433-1-768x1364.jpg 768w, https:\/\/szityidaru.hu\/wp-content\/uploads\/2022\/04\/IMG_20181106_132433-1-865x1536.jpg 865w, https:\/\/szityidaru.hu\/wp-content\/uploads\/2022\/04\/IMG_20181106_132433-1-1153x2048.jpg 1153w, https:\/\/szityidaru.hu\/wp-content\/uploads\/2022\/04\/IMG_20181106_132433-1-scaled.jpg 1441w\" sizes=\"auto, (max-width: 577px) 100vw, 577px\" \/><\/figure>\n\n\n\n<figure class=\"wp-block-image size-large\"><img loading=\"lazy\" decoding=\"async\" width=\"1024\" height=\"577\" data-id=\"151\" src=\"https:\/\/szityidaru.hu\/wp-content\/uploads\/2022\/04\/IMG_20181106_132455-1-1024x577.jpg\" alt=\"\" class=\"wp-image-151\" srcset=\"https:\/\/szityidaru.hu\/wp-content\/uploads\/2022\/04\/IMG_20181106_132455-1-1024x577.jpg 1024w, https:\/\/szityidaru.hu\/wp-content\/uploads\/2022\/04\/IMG_20181106_132455-1-300x169.jpg 300w, https:\/\/szityidaru.hu\/wp-content\/uploads\/2022\/04\/IMG_20181106_132455-1-768x432.jpg 768w, https:\/\/szityidaru.hu\/wp-content\/uploads\/2022\/04\/IMG_20181106_132455-1-1536x865.jpg 1536w, https:\/\/szityidaru.hu\/wp-content\/uploads\/2022\/04\/IMG_20181106_132455-1-2048x1153.jpg 2048w\" sizes=\"auto, (max-width: 1024px) 100vw, 1024px\" \/><\/figure>\n\n\n\n<figure class=\"wp-block-image size-large\"><img loading=\"lazy\" decoding=\"async\" width=\"1024\" height=\"754\" data-id=\"141\" src=\"https:\/\/szityidaru.hu\/wp-content\/uploads\/2022\/04\/IMG_20181106_132813-1-1024x754.jpg\" alt=\"\" class=\"wp-image-141\" srcset=\"https:\/\/szityidaru.hu\/wp-content\/uploads\/2022\/04\/IMG_20181106_132813-1-1024x754.jpg 1024w, https:\/\/szityidaru.hu\/wp-content\/uploads\/2022\/04\/IMG_20181106_132813-1-300x221.jpg 300w, https:\/\/szityidaru.hu\/wp-content\/uploads\/2022\/04\/IMG_20181106_132813-1-768x566.jpg 768w, https:\/\/szityidaru.hu\/wp-content\/uploads\/2022\/04\/IMG_20181106_132813-1-1536x1132.jpg 1536w, https:\/\/szityidaru.hu\/wp-content\/uploads\/2022\/04\/IMG_20181106_132813-1-2048x1509.jpg 2048w\" sizes=\"auto, (max-width: 1024px) 100vw, 1024px\" \/><\/figure>\n\n\n\n<figure class=\"wp-block-image size-large\"><img loading=\"lazy\" decoding=\"async\" width=\"1024\" height=\"577\" data-id=\"143\" src=\"https:\/\/szityidaru.hu\/wp-content\/uploads\/2022\/04\/IMG_20181106_132840-1-1024x577.jpg\" alt=\"\" class=\"wp-image-143\" srcset=\"https:\/\/szityidaru.hu\/wp-content\/uploads\/2022\/04\/IMG_20181106_132840-1-1024x577.jpg 1024w, https:\/\/szityidaru.hu\/wp-content\/uploads\/2022\/04\/IMG_20181106_132840-1-300x169.jpg 300w, https:\/\/szityidaru.hu\/wp-content\/uploads\/2022\/04\/IMG_20181106_132840-1-768x432.jpg 768w, https:\/\/szityidaru.hu\/wp-content\/uploads\/2022\/04\/IMG_20181106_132840-1-1536x865.jpg 1536w, https:\/\/szityidaru.hu\/wp-content\/uploads\/2022\/04\/IMG_20181106_132840-1-2048x1153.jpg 2048w\" sizes=\"auto, (max-width: 1024px) 100vw, 1024px\" \/><\/figure>\n\n\n\n<figure class=\"wp-block-image size-large\"><img loading=\"lazy\" decoding=\"async\" width=\"1024\" height=\"577\" data-id=\"150\" src=\"https:\/\/szityidaru.hu\/wp-content\/uploads\/2022\/04\/IMG_20181106_132845-1-1024x577.jpg\" alt=\"\" class=\"wp-image-150\" srcset=\"https:\/\/szityidaru.hu\/wp-content\/uploads\/2022\/04\/IMG_20181106_132845-1-1024x577.jpg 1024w, https:\/\/szityidaru.hu\/wp-content\/uploads\/2022\/04\/IMG_20181106_132845-1-300x169.jpg 300w, https:\/\/szityidaru.hu\/wp-content\/uploads\/2022\/04\/IMG_20181106_132845-1-768x432.jpg 768w, https:\/\/szityidaru.hu\/wp-content\/uploads\/2022\/04\/IMG_20181106_132845-1-1536x865.jpg 1536w, https:\/\/szityidaru.hu\/wp-content\/uploads\/2022\/04\/IMG_20181106_132845-1-2048x1153.jpg 2048w\" sizes=\"auto, (max-width: 1024px) 100vw, 1024px\" \/><\/figure>\n<\/figure>\n","protected":false},"excerpt":{"rendered":"<p>Scania 11 tonna raks\u00faly, Palfinger 17502 daruval szerelve, 14.8 m\u00e9ter g\u00e9m kiny\u00fal\u00e1s, 18 m\u00e9ter horogmagass\u00e1g \u00e9s 4 tonna maximum emel\u00e9s. Man TGA 11 tonna raks\u00faly, Palfinger 16000 daruval szerelve, 12 m\u00e9ter g\u00e9m kiny\u00fal\u00e1s, 15 m\u00e9ter horogmagass\u00e1g \u00e9s 3,5 tonna maximum emel\u00e9s.<\/p>\n","protected":false},"author":1,"featured_media":0,"parent":0,"menu_order":0,"comment_status":"closed","ping_status":"closed","template":"","meta":{"footnotes":""},"class_list":["post-20","page","type-page","status-publish","hentry"],"_links":{"self":[{"href":"https:\/\/szityidaru.hu\/index.php\/wp-json\/wp\/v2\/pages\/20","targetHints":{"allow":["GET"]}}],"collection":[{"href":"https:\/\/szityidaru.hu\/index.php\/wp-json\/wp\/v2\/pages"}],"about":[{"href":"https:\/\/szityidaru.hu\/index.php\/wp-json\/wp\/v2\/types\/page"}],"author":[{"embeddable":true,"href":"https:\/\/szityidaru.hu\/index.php\/wp-json\/wp\/v2\/users\/1"}],"replies":[{"embeddable":true,"href":"https:\/\/szityidaru.hu\/index.php\/wp-json\/wp\/v2\/comments?post=20"}],"version-history":[{"count":4,"href":"https:\/\/szityidaru.hu\/index.php\/wp-json\/wp\/v2\/pages\/20\/revisions"}],"predecessor-version":[{"id":152,"href":"https:\/\/szityidaru.hu\/index.php\/wp-json\/wp\/v2\/pages\/20\/revisions\/152"}],"wp:attachment":[{"href":"https:\/\/szityidaru.hu\/index.php\/wp-json\/wp\/v2\/media?parent=20"}],"curies":[{"name":"wp","href":"https:\/\/api.w.org\/{rel}","templated":true}]}}