{"id":22,"date":"2022-04-19T13:25:45","date_gmt":"2022-04-19T13:25:45","guid":{"rendered":"https:\/\/szityidaru.hu\/?page_id=22"},"modified":"2024-03-29T20:14:47","modified_gmt":"2024-03-29T18:14:47","slug":"kapcsolat","status":"publish","type":"page","link":"https:\/\/szityidaru.hu\/index.php\/kapcsolat\/","title":{"rendered":"Kapcsolat"},"content":{"rendered":"\n<p>Szityi-Daru Kft.<br>Kiss Zolt\u00e1n<br>C\u00edm: 2141 Cs\u00f6m\u00f6r, Mandul\u00e1s utca 12.<\/p>\n\n\n\n<p>Telefon: +36-30-9664-785<br>szityidaru@gmail.com<\/p>\n\n\n\n<p>Ad\u00f3sz\u00e1m: 26535887-2-13<br>C\u00e9gjegyz\u00e9ksz\u00e1m: 13 09 195634<\/p>\n\n\n\n<figure class=\"wp-block-image size-full is-resized\"><img loading=\"lazy\" decoding=\"async\" width=\"285\" height=\"285\" src=\"https:\/\/szityidaru.hu\/wp-content\/uploads\/2024\/03\/szityidaru.png\" alt=\"\" class=\"wp-image-187\" style=\"width:172px;height:auto\" srcset=\"https:\/\/szityidaru.hu\/wp-content\/uploads\/2024\/03\/szityidaru.png 285w, https:\/\/szityidaru.hu\/wp-content\/uploads\/2024\/03\/szityidaru-150x150.png 150w, https:\/\/szityidaru.hu\/wp-content\/uploads\/2024\/03\/szityidaru-36x36.png 36w, https:\/\/szityidaru.hu\/wp-content\/uploads\/2024\/03\/szityidaru-180x180.png 180w\" sizes=\"auto, (max-width: 285px) 100vw, 285px\" \/><\/figure>\n","protected":false},"excerpt":{"rendered":"<p>Szityi-Daru Kft.Kiss Zolt\u00e1nC\u00edm: 2141 Cs\u00f6m\u00f6r, Mandul\u00e1s utca 12. Telefon: +36-30-9664-785szityidaru@gmail.com Ad\u00f3sz\u00e1m: 26535887-2-13C\u00e9gjegyz\u00e9ksz\u00e1m: 13 09 195634<\/p>\n","protected":false},"author":1,"featured_media":0,"parent":0,"menu_order":0,"comment_status":"closed","ping_status":"closed","template":"","meta":{"footnotes":""},"class_list":["post-22","page","type-page","status-publish","hentry"],"_links":{"self":[{"href":"https:\/\/szityidaru.hu\/index.php\/wp-json\/wp\/v2\/pages\/22","targetHints":{"allow":["GET"]}}],"collection":[{"href":"https:\/\/szityidaru.hu\/index.php\/wp-json\/wp\/v2\/pages"}],"about":[{"href":"https:\/\/szityidaru.hu\/index.php\/wp-json\/wp\/v2\/types\/page"}],"author":[{"embeddable":true,"href":"https:\/\/szityidaru.hu\/index.php\/wp-json\/wp\/v2\/users\/1"}],"replies":[{"embeddable":true,"href":"https:\/\/szityidaru.hu\/index.php\/wp-json\/wp\/v2\/comments?post=22"}],"version-history":[{"count":5,"href":"https:\/\/szityidaru.hu\/index.php\/wp-json\/wp\/v2\/pages\/22\/revisions"}],"predecessor-version":[{"id":189,"href":"https:\/\/szityidaru.hu\/index.php\/wp-json\/wp\/v2\/pages\/22\/revisions\/189"}],"wp:attachment":[{"href":"https:\/\/szityidaru.hu\/index.php\/wp-json\/wp\/v2\/media?parent=22"}],"curies":[{"name":"wp","href":"https:\/\/api.w.org\/{rel}","templated":true}]}}