{"id":6,"date":"2022-04-19T13:20:15","date_gmt":"2022-04-19T13:20:15","guid":{"rendered":"https:\/\/szityidaru.hu\/?page_id=6"},"modified":"2022-04-19T16:31:08","modified_gmt":"2022-04-19T14:31:08","slug":"6-2","status":"publish","type":"page","link":"https:\/\/szityidaru.hu\/","title":{"rendered":"Kezd\u0151lap"},"content":{"rendered":"\n<p>\u00c1rufuvaroz\u00e1s KCR-es, darus teheraut\u00f3val 1-10 tonn\u00e1ig<\/p>\n\n\n\n<p>Iroda, rakt\u00e1r, szaniterkont\u00e9nerek, tart\u00e1lyok daruz\u00e1sa \u00e9s sz\u00e1ll\u00edt\u00e1sa<\/p>\n\n\n\n<p>\u00c9p\u00edt\u0151anyagok \u00e9s egy\u00e9b raklapos \u00e1ruk sz\u00e1ll\u00edt\u00e1sa, daruz\u00e1sa.<\/p>\n\n\n\n<p>Zsaluanyagok sz\u00e1ll\u00edt\u00e1sa<\/p>\n\n\n\n<p>\u00c9p\u00edt\u0151anyag, zsaluanyag daruz\u00e1sa 4. emeletig (18 m\u00e9ter horogmagass\u00e1g)<\/p>\n\n\n\n<p>Er\u0151s\u00e1ram\u00fa berendez\u00e9sek, traf\u00f3k, villanyoszlopok, k\u00e1beldobok sz\u00e1ll\u00edt\u00e1sa, \u00e1ll\u00edt\u00e1sa<\/p>\n\n\n\n<p>Gyors, pontos, korrekt munkav\u00e9gz\u00e9s.<\/p>\n","protected":false},"excerpt":{"rendered":"<p>\u00c1rufuvaroz\u00e1s KCR-es, darus teheraut\u00f3val 1-10 tonn\u00e1ig Iroda, rakt\u00e1r, szaniterkont\u00e9nerek, tart\u00e1lyok daruz\u00e1sa \u00e9s sz\u00e1ll\u00edt\u00e1sa \u00c9p\u00edt\u0151anyagok \u00e9s egy\u00e9b raklapos \u00e1ruk sz\u00e1ll\u00edt\u00e1sa, daruz\u00e1sa. Zsaluanyagok sz\u00e1ll\u00edt\u00e1sa \u00c9p\u00edt\u0151anyag, zsaluanyag daruz\u00e1sa 4. emeletig (18 m\u00e9ter horogmagass\u00e1g) Er\u0151s\u00e1ram\u00fa berendez\u00e9sek, traf\u00f3k, villanyoszlopok, k\u00e1beldobok sz\u00e1ll\u00edt\u00e1sa, \u00e1ll\u00edt\u00e1sa Gyors, pontos, korrekt munkav\u00e9gz\u00e9s.<\/p>\n","protected":false},"author":1,"featured_media":9,"parent":0,"menu_order":0,"comment_status":"closed","ping_status":"closed","template":"","meta":{"footnotes":""},"class_list":["post-6","page","type-page","status-publish","has-post-thumbnail","hentry"],"_links":{"self":[{"href":"https:\/\/szityidaru.hu\/index.php\/wp-json\/wp\/v2\/pages\/6","targetHints":{"allow":["GET"]}}],"collection":[{"href":"https:\/\/szityidaru.hu\/index.php\/wp-json\/wp\/v2\/pages"}],"about":[{"href":"https:\/\/szityidaru.hu\/index.php\/wp-json\/wp\/v2\/types\/page"}],"author":[{"embeddable":true,"href":"https:\/\/szityidaru.hu\/index.php\/wp-json\/wp\/v2\/users\/1"}],"replies":[{"embeddable":true,"href":"https:\/\/szityidaru.hu\/index.php\/wp-json\/wp\/v2\/comments?post=6"}],"version-history":[{"count":3,"href":"https:\/\/szityidaru.hu\/index.php\/wp-json\/wp\/v2\/pages\/6\/revisions"}],"predecessor-version":[{"id":15,"href":"https:\/\/szityidaru.hu\/index.php\/wp-json\/wp\/v2\/pages\/6\/revisions\/15"}],"wp:featuredmedia":[{"embeddable":true,"href":"https:\/\/szityidaru.hu\/index.php\/wp-json\/wp\/v2\/media\/9"}],"wp:attachment":[{"href":"https:\/\/szityidaru.hu\/index.php\/wp-json\/wp\/v2\/media?parent=6"}],"curies":[{"name":"wp","href":"https:\/\/api.w.org\/{rel}","templated":true}]}}